{"id":2581,"date":"2025-12-20T10:16:26","date_gmt":"2025-12-20T10:16:26","guid":{"rendered":"https:\/\/www.erekafleuriste.com\/product\/white-harmony\/"},"modified":"2025-12-20T10:16:26","modified_gmt":"2025-12-20T10:16:26","slug":"white-harmony","status":"publish","type":"product","link":"https:\/\/www.erekafleuriste.com\/en\/product\/white-harmony\/","title":{"rendered":"White Harmony"},"content":{"rendered":"<p>An elegant composition of white gerberas and white lilies, complemented with greenery.<br \/>\nParfaite pour les occasions de deuil, elle exprime paix et s\u00e9r\u00e9nit\u00e9, apportant une touche de puret\u00e9 et de r\u00e9confort. Parfaite pour les occasions de deuil, elle exprime paix et s\u00e9r\u00e9nit\u00e9, apportant une touche de puret\u00e9 et de r\u00e9confort.<\/p>\n","protected":false},"excerpt":{"rendered":"<p>An elegant composition of white gerberas and white lilies, complemented with greenery.<\/p>\n","protected":false},"featured_media":1889,"template":"","meta":{"postBodyCss":"","postBodyMargin":[],"postBodyPadding":[],"postBodyBackground":{"backgroundType":"classic","gradient":""}},"product_brand":[],"product_cat":[339,320],"product_tag":[],"class_list":{"0":"post-2581","1":"product","2":"type-product","3":"status-publish","4":"has-post-thumbnail","6":"product_cat-mourning","7":"product_cat-all-our-products","8":"tm-has-options","10":"first","11":"instock","12":"shipping-taxable","13":"purchasable","14":"product-type-simple"},"jetpack_sharing_enabled":true,"_links":{"self":[{"href":"https:\/\/www.erekafleuriste.com\/en\/wp-json\/wp\/v2\/product\/2581","targetHints":{"allow":["GET"]}}],"collection":[{"href":"https:\/\/www.erekafleuriste.com\/en\/wp-json\/wp\/v2\/product"}],"about":[{"href":"https:\/\/www.erekafleuriste.com\/en\/wp-json\/wp\/v2\/types\/product"}],"wp:featuredmedia":[{"embeddable":true,"href":"https:\/\/www.erekafleuriste.com\/en\/wp-json\/wp\/v2\/media\/1889"}],"wp:attachment":[{"href":"https:\/\/www.erekafleuriste.com\/en\/wp-json\/wp\/v2\/media?parent=2581"}],"wp:term":[{"taxonomy":"product_brand","embeddable":true,"href":"https:\/\/www.erekafleuriste.com\/en\/wp-json\/wp\/v2\/product_brand?post=2581"},{"taxonomy":"product_cat","embeddable":true,"href":"https:\/\/www.erekafleuriste.com\/en\/wp-json\/wp\/v2\/product_cat?post=2581"},{"taxonomy":"product_tag","embeddable":true,"href":"https:\/\/www.erekafleuriste.com\/en\/wp-json\/wp\/v2\/product_tag?post=2581"}],"curies":[{"name":"wp","href":"https:\/\/api.w.org\/{rel}","templated":true}]}}