{"id":4092,"date":"2026-04-18T08:28:23","date_gmt":"2026-04-18T08:28:23","guid":{"rendered":"https:\/\/www.erekafleuriste.com\/?page_id=4092"},"modified":"2026-04-20T11:16:12","modified_gmt":"2026-04-20T11:16:12","slug":"livraison-fleurs-marrakech","status":"publish","type":"page","link":"https:\/\/www.erekafleuriste.com\/en\/livraison-fleurs-marrakech\/","title":{"rendered":"Livraison Fleurs Marrakech"},"content":{"rendered":"\t\t<div data-elementor-type=\"wp-page\" data-elementor-id=\"4092\" class=\"elementor elementor-4092\">\n\t\t\t\t<div class=\"elementor-element elementor-element-da2f1b1 e-flex e-con-boxed e-con e-parent\" data-id=\"da2f1b1\" data-element_type=\"container\" data-e-type=\"container\" data-settings=\"{&quot;background_background&quot;:&quot;classic&quot;}\">\n\t\t\t\t\t<div class=\"e-con-inner\">\n\t\t\t\t<div class=\"elementor-element elementor-element-96ab25c elementor-widget elementor-widget-text-editor\" data-id=\"96ab25c\" data-element_type=\"widget\" data-e-type=\"widget\" data-widget_type=\"text-editor.default\">\n\t\t\t\t\t\t\t\t\t<p>Ereka Fleuriste<\/p>\t\t\t\t\t\t\t\t<\/div>\n\t\t\t\t<div class=\"elementor-element elementor-element-3fedb34 elementor-widget elementor-widget-heading\" data-id=\"3fedb34\" data-element_type=\"widget\" data-e-type=\"widget\" data-widget_type=\"heading.default\">\n\t\t\t\t\t<h5 class=\"elementor-heading-title elementor-size-default\">Livraison Fleurs Marrakech<\/h5>\t\t\t\t<\/div>\n\t\t\t\t<div class=\"elementor-element elementor-element-2fc86e4 elementor-widget elementor-widget-eael-breadcrumbs\" data-id=\"2fc86e4\" data-element_type=\"widget\" data-e-type=\"widget\" data-widget_type=\"eael-breadcrumbs.default\">\n\t\t\t\t<div class=\"elementor-widget-container\">\n\t\t\t\t\t\t\t<div class=\"eael-breadcrumbs\">\n\t\t\t<div class=\"eael-breadcrumbs__content\"><a href=\"https:\/\/www.erekafleuriste.com\/en\/\">Accueil<\/a> <span class=\"eael-breadcrumb-separator\"><svg aria-hidden=\"true\" class=\"e-font-icon-svg e-fas-angle-double-right\" viewBox=\"0 0 448 512\" xmlns=\"http:\/\/www.w3.org\/2000\/svg\"><path d=\"M224.3 273l-136 136c-9.4 9.4-24.6 9.4-33.9 0l-22.6-22.6c-9.4-9.4-9.4-24.6 0-33.9l96.4-96.4-96.4-96.4c-9.4-9.4-9.4-24.6 0-33.9L54.3 103c9.4-9.4 24.6-9.4 33.9 0l136 136c9.5 9.4 9.5 24.6.1 34zm192-34l-136-136c-9.4-9.4-24.6-9.4-33.9 0l-22.6 22.6c-9.4 9.4-9.4 24.6 0 33.9l96.4 96.4-96.4 96.4c-9.4 9.4-9.4 24.6 0 33.9l22.6 22.6c9.4 9.4 24.6 9.4 33.9 0l136-136c9.4-9.2 9.4-24.4 0-33.8z\"><\/path><\/svg><\/span> <span class = \"eael-current\">Page<\/span><\/div>\t\t<\/div>\n\t\t\t\t\t\t<\/div>\n\t\t\t\t<\/div>\n\t\t\t\t\t<\/div>\n\t\t\t\t<\/div>\n\t\t<div class=\"elementor-element elementor-element-dadd73a e-flex e-con-boxed e-con e-parent\" data-id=\"dadd73a\" data-element_type=\"container\" data-e-type=\"container\">\n\t\t\t\t\t<div class=\"e-con-inner\">\n\t\t<div class=\"elementor-element elementor-element-f95860f e-con-full e-flex e-con e-child\" data-id=\"f95860f\" data-element_type=\"container\" data-e-type=\"container\">\n\t\t\t\t<div class=\"elementor-element elementor-element-2ba17ee elementor-widget elementor-widget-text-editor\" data-id=\"2ba17ee\" data-element_type=\"widget\" data-e-type=\"widget\" data-widget_type=\"text-editor.default\">\n\t\t\t\t\t\t\t\t\t<div style=\"max-width: 800px; margin: 20px auto; text-align: center; font-family: Poppins, sans-serif;\">\n<h2 style=\"font-size: 28px; font-weight: 600; color: #222; margin-bottom: 20px; font-family: 'Playfair Display', serif;\">Un service de livraison de fleurs fiable \u00e0 Marrakech<\/h2>\n<p style=\"font-size: 17px; color: #555; line-height: 1.8; margin-bottom: 15px;\">Profitez d\u2019un service de livraison de fleurs \u00e0 Marrakech alliant fra\u00eecheur, \u00e9l\u00e9gance et rapidit\u00e9. Nous s\u00e9lectionnons avec soin des bouquets raffin\u00e9s adapt\u00e9s \u00e0 toutes les occasions : anniversaire, mariage, naissance ou simple attention pour faire plaisir.<\/p>\n<p style=\"font-size: 17px; color: #555; line-height: 1.8;\">Notre \u00e9quipe garantit une livraison rapide, soign\u00e9e et s\u00e9curis\u00e9e dans toute la ville de Marrakech, afin d\u2019assurer une exp\u00e9rience florale unique et m\u00e9morable.<\/p>\n\n<\/div>\t\t\t\t\t\t\t\t<\/div>\n\t\t\t\t<div class=\"elementor-element elementor-element-d467473 .cards-wrap{   display:flex;   flex-wrap:wrap;   gap:25px;   max-width:900px;   margin:50px auto;   font-family:Poppins, sans-serif;   justify-content:center; }  .card{   flex:1 1 250px;   background:linear-gradient(135deg,#fff1f5,#f8f9ff);   padding:30px;   border-radius:15px;   text-align:center;   border:1px solid #eee;   text-decoration:none;   color:#333;   font-size:18px;   font-weight:600;   display:flex;   align-items:center;   justify-content:center;   transition:0.2s ease; }  \/* hover = translateY + shadow *\/ .card:hover{   transform:translateY(-5px);   box-shadow:0 10px 25px rgba(0,0,0,0.08); }  \/* click effect (replace mousedown) *\/ .card:active{   transform:scale(0.96); } elementor-widget elementor-widget-text-editor\" data-id=\"d467473\" data-element_type=\"widget\" data-e-type=\"widget\" data-widget_type=\"text-editor.default\">\n\t\t\t\t\t\t\t\t\t<div style=\"display:flex;flex-wrap:wrap;gap:25px;max-width:900px;margin:50px auto;font-family:Poppins, sans-serif;justify-content:center;\">  <h2 style=\"text-align:center;font-size:26px;font-weight:700;margin-bottom:25px;color:#222;\"> Livraison de fleurs \u00e0 Marrakech \ud83c\udf38 <\/h2>  <div style=\"display:flex;flex-wrap:wrap;gap:25px;justify-content:center;\">  <a href=\"https:\/\/www.erekafleuriste.com\/livraison-fleurs-gueliz-marrakech\/\" style=\"flex:1 1 250px;background:linear-gradient(135deg,#fff1f5,#f8f9ff);padding:30px;border-radius:15px;text-align:center;border:1px solid #eee;text-decoration:none;color:#333;font-size:18px;font-weight:600;display:flex;align-items:center;justify-content:center;transition:0.2s ease;\" onmouseover=\"this.style.transform='translateY(-5px)';this.style.boxShadow='0 10px 25px rgba(0,0,0,0.08)'\" onmouseout=\"this.style.transform='translateY(0)';this.style.boxShadow='none'\" onmousedown=\"this.style.transform='scale(0.96)'\" onmouseup=\"this.style.transform='translateY(-5px)'\"> Livraison fleurs Gu\u00e9liz Marrakech <\/a>  <a href=\"https:\/\/www.erekafleuriste.com\/livraison-fleurs-hivernage-marrakech\/\" style=\"flex:1 1 250px;background:linear-gradient(135deg,#fff1f5,#f8f9ff);padding:30px;border-radius:15px;text-align:center;border:1px solid #eee;text-decoration:none;color:#333;font-size:18px;font-weight:600;display:flex;align-items:center;justify-content:center;transition:0.2s ease;\" onmouseover=\"this.style.transform='translateY(-5px)';this.style.boxShadow='0 10px 25px rgba(0,0,0,0.08)'\" onmouseout=\"this.style.transform='translateY(0)';this.style.boxShadow='none'\" onmousedown=\"this.style.transform='scale(0.96)'\" onmouseup=\"this.style.transform='translateY(-5px)'\"> Livraison fleurs Hivernage Marrakech <\/a>  <a href=\"https:\/\/www.erekafleuriste.com\/livraison-fleurs-medina-marrakech\/\" style=\"flex:1 1 250px;background:linear-gradient(135deg,#fff1f5,#f8f9ff);padding:30px;border-radius:15px;text-align:center;border:1px solid #eee;text-decoration:none;color:#333;font-size:18px;font-weight:600;display:flex;align-items:center;justify-content:center;transition:0.2s ease;\" onmouseover=\"this.style.transform='translateY(-5px)';this.style.boxShadow='0 10px 25px rgba(0,0,0,0.08)'\" onmouseout=\"this.style.transform='translateY(0)';this.style.boxShadow='none'\" onmousedown=\"this.style.transform='scale(0.96)'\" onmouseup=\"this.style.transform='translateY(-5px)'\"> Livraison fleurs M\u00e9dina Marrakech <\/a>  <a href=\"https:\/\/www.erekafleuriste.com\/livraison-fleurs-palmeraie-marrakech\/\" style=\"flex:1 1 250px;background:linear-gradient(135deg,#fff1f5,#f8f9ff);padding:30px;border-radius:15px;text-align:center;border:1px solid #eee;text-decoration:none;color:#333;font-size:18px;font-weight:600;display:flex;align-items:center;justify-content:center;transition:0.2s ease;\" onmouseover=\"this.style.transform='translateY(-5px)';this.style.boxShadow='0 10px 25px rgba(0,0,0,0.08)'\" onmouseout=\"this.style.transform='translateY(0)';this.style.boxShadow='none'\" onmousedown=\"this.style.transform='scale(0.96)'\" onmouseup=\"this.style.transform='translateY(-5px)'\"> Livraison fleurs Palmeraie Marrakech <\/a>  <a href=\"https:\/\/www.erekafleuriste.com\/livraison-fleurs-riads-marrakech\/\" style=\"flex:1 1 250px;background:linear-gradient(135deg,#fff1f5,#f8f9ff);padding:30px;border-radius:15px;text-align:center;border:1px solid #eee;text-decoration:none;color:#333;font-size:18px;font-weight:600;display:flex;align-items:center;justify-content:center;transition:0.2s ease;\" onmouseover=\"this.style.transform='translateY(-5px)';this.style.boxShadow='0 10px 25px rgba(0,0,0,0.08)'\" onmouseout=\"this.style.transform='translateY(0)';this.style.boxShadow='none'\" onmousedown=\"this.style.transform='scale(0.96)'\" onmouseup=\"this.style.transform='translateY(-5px)'\"> Livraison fleurs Riads Marrakech <\/a>  <a href=\"https:\/\/www.erekafleuriste.com\/livraison-fleurs-hotels-marrakech\/\" style=\"flex:1 1 250px;background:linear-gradient(135deg,#fff1f5,#f8f9ff);padding:30px;border-radius:15px;text-align:center;border:1px solid #eee;text-decoration:none;color:#333;font-size:18px;font-weight:600;display:flex;align-items:center;justify-content:center;transition:0.2s ease;\" onmouseover=\"this.style.transform='translateY(-5px)';this.style.boxShadow='0 10px 25px rgba(0,0,0,0.08)'\" onmouseout=\"this.style.transform='translateY(0)';this.style.boxShadow='none'\" onmousedown=\"this.style.transform='scale(0.96)'\" onmouseup=\"this.style.transform='translateY(-5px)'\"> Livraison fleurs H\u00f4tels Marrakech <\/a> <\/div> <\/div>\t\t\t\t\t\t\t\t<\/div>\n\t\t\t\t<div class=\"elementor-element elementor-element-84653fa elementor-widget elementor-widget-heading\" data-id=\"84653fa\" data-element_type=\"widget\" data-e-type=\"widget\" data-widget_type=\"heading.default\">\n\t\t\t\t\t<p class=\"elementor-heading-title elementor-size-default\">Vous \u00eates un particulier ? Commandez une livraison VIP en suite en ligne.<\/p>\t\t\t\t<\/div>\n\t\t\t\t<div class=\"elementor-element elementor-element-9f4a690 elementor-widget elementor-widget-heading\" data-id=\"9f4a690\" data-element_type=\"widget\" data-e-type=\"widget\" data-widget_type=\"heading.default\">\n\t\t\t\t\t<p class=\"elementor-heading-title elementor-size-default\">Vous \u00eates un h\u00f4telier ? Demandez votre devis B2B au +212 660 78 88 04 ou par email \u00e0 erekafleuriste.marrakech@gmail.com.<\/p>\t\t\t\t<\/div>\n\t\t\t\t<\/div>\n\t\t\t\t\t<\/div>\n\t\t\t\t<\/div>\n\t\t\t\t<\/div>\n\t\t","protected":false},"excerpt":{"rendered":"<p>Ereka Fleuriste Livraison Fleurs Marrakech Accueil Page Un service de livraison de fleurs fiable \u00e0 Marrakech Vous cherchez un service de livraison de fleurs \u00e0 Marrakech rapide et fiable ? Notre fleuriste \u00e0 Marrakech vous propose un large choix de bouquets de fleurs fra\u00eeches, compositions florales \u00e9l\u00e9gantes et cr\u00e9ations personnalis\u00e9es adapt\u00e9es \u00e0 toutes les occasions. [&hellip;]<\/p>\n","protected":false},"author":1,"featured_media":3360,"parent":0,"menu_order":0,"comment_status":"closed","ping_status":"closed","template":"","meta":{"postBodyCss":"","postBodyMargin":[],"postBodyPadding":[],"postBodyBackground":{"backgroundType":"classic","gradient":""},"footnotes":""},"class_list":["post-4092","page","type-page","status-publish","has-post-thumbnail","hentry"],"blocksy_meta":{"styles_descriptor":{"styles":{"desktop":"","tablet":"","mobile":""},"google_fonts":[],"version":6},"page_title_panel":"","has_hero_section":"disabled","1d15b7934ff424ab25737f2d764de13a":"","hero_section":"type-1","hero_elements":[{"id":"custom_title","enabled":true,"heading_tag":"h1","title":"Home"},{"id":"custom_description","enabled":true,"description_visibility":{"desktop":true,"tablet":true,"mobile":false}},{"id":"custom_meta","enabled":false,"meta_elements":[{"id":"author","enabled":true,"label":"By","has_author_avatar":"yes","avatar_size":25},{"id":"post_date","enabled":true,"label":"On","date_format_source":"default","date_format":"M j, Y"},{"id":"updated_date","enabled":false,"label":"On","date_format_source":"default","date_format":"M j, Y"},{"id":"categories","enabled":false,"label":"In","style":"simple"},{"id":"comments","enabled":true}],"page_meta_elements":{"joined":true,"articles_count":true,"comments":true}},{"id":"breadcrumbs","enabled":false}],"e377139f0e48a4cb5a64798ea8d651b9":"","hero_alignment1":"CT_CSS_SKIP_RULE","hero_margin":40,"hero_alignment2":"center","hero_vertical_alignment":"center","af09189de71c08c18e1cd076aeaad8fe":"","hero_structure":"narrow","4241a204ae10e70836b130f646a7f2d5":"","page_title_bg_type":"featured_image","custom_hero_background":{"attachment_id":null},"page_title_image_size":"full","parallax":{"desktop":false,"tablet":false,"mobile":false},"37c6846e78051bc32791c6958664507d":"","hero_height":"250px","pageTitleFont":{"family":"Default","variation":"Default","size":"30px","line-height":"CT_CSS_SKIP_RULE","letter-spacing":"CT_CSS_SKIP_RULE","text-transform":"CT_CSS_SKIP_RULE","text-decoration":"CT_CSS_SKIP_RULE"},"pageTitleFontColor":{"default":{"color":"CT_CSS_SKIP_RULEDEFAULT"}},"pageMetaFont":{"family":"Default","variation":"n6","size":"12px","line-height":"1.3","letter-spacing":"CT_CSS_SKIP_RULE","text-transform":"uppercase","text-decoration":"CT_CSS_SKIP_RULE"},"pageMetaFontColor":{"default":{"color":"CT_CSS_SKIP_RULEDEFAULT"},"hover":{"color":"CT_CSS_SKIP_RULEDEFAULT"}},"page_meta_button_type_font_colors":{"default":{"color":"CT_CSS_SKIP_RULEDEFAULT"},"hover":{"color":"CT_CSS_SKIP_RULEDEFAULT"}},"page_meta_button_type_background_colors":{"default":{"color":"CT_CSS_SKIP_RULEDEFAULT"},"hover":{"color":"CT_CSS_SKIP_RULEDEFAULT"}},"pageExcerptFont":{"family":"Default","variation":"Default","size":"CT_CSS_SKIP_RULE","line-height":"CT_CSS_SKIP_RULE","letter-spacing":"CT_CSS_SKIP_RULE","text-transform":"CT_CSS_SKIP_RULE","text-decoration":"CT_CSS_SKIP_RULE"},"pageExcerptColor":{"default":{"color":"CT_CSS_SKIP_RULEDEFAULT"}},"breadcrumbsFont":{"family":"Default","variation":"Default","size":"CT_CSS_SKIP_RULE","line-height":"CT_CSS_SKIP_RULE","letter-spacing":"CT_CSS_SKIP_RULE","text-transform":"CT_CSS_SKIP_RULE","text-decoration":"CT_CSS_SKIP_RULE"},"breadcrumbsFontColor":{"default":{"color":"CT_CSS_SKIP_RULEDEFAULT"},"initial":{"color":"CT_CSS_SKIP_RULEDEFAULT"},"hover":{"color":"CT_CSS_SKIP_RULEDEFAULT"}},"pageTitleOverlay":{"background_type":"color","background_pattern":"type-1","background_image":{"attachment_id":null,"x":0,"y":0},"gradient":"linear-gradient(135deg,rgba(6,147,227,1) 0%,rgb(155,81,224) 100%)","background_repeat":"repeat","background_size":"auto","background_attachment":"scroll","patternColor":{"default":{"color":"#e5e7ea"}},"overlayColor":{"default":{"color":"CT_CSS_SKIP_RULE"}},"backgroundColor":{"default":{"color":"CT_CSS_SKIP_RULE"}}},"pageTitleBackground":{"background_type":"color","background_pattern":"type-1","background_image":{"attachment_id":null,"x":0,"y":0},"gradient":"linear-gradient(135deg,rgba(6,147,227,1) 0%,rgb(155,81,224) 100%)","background_repeat":"repeat","background_size":"auto","background_attachment":"scroll","patternColor":{"default":{"color":"#e5e7ea"}},"overlayColor":{"default":{"color":"CT_CSS_SKIP_RULE"}},"backgroundColor":{"default":{"color":"var(--theme-palette-color-6)"}}},"pageTitlePadding":{"top":"50px","bottom":"50px","left":"auto","right":"auto","linked":true},"a8fa859ceafab67cbfce97e380ccc088":"","page_structure_type":"default","2c44625e200027fb7003d1deb510aed8":"","content_style_source":"inherit","content_style":"wide","vertical_spacing_source":"custom","content_area_spacing":"none","background":{"background_type":"color","background_pattern":"type-1","background_image":{"attachment_id":null,"x":0,"y":0},"gradient":"linear-gradient(135deg,rgba(6,147,227,1) 0%,rgb(155,81,224) 100%)","background_repeat":"repeat","background_size":"auto","background_attachment":"scroll","patternColor":{"default":{"color":"#e5e7ea"}},"overlayColor":{"default":{"color":"CT_CSS_SKIP_RULE"}},"backgroundColor":{"default":{"color":"CT_CSS_SKIP_RULE"}}},"content_background":{"background_type":"color","background_pattern":"type-1","background_image":{"attachment_id":null,"x":0,"y":0},"gradient":"linear-gradient(135deg,rgba(6,147,227,1) 0%,rgb(155,81,224) 100%)","background_repeat":"repeat","background_size":"auto","background_attachment":"scroll","patternColor":{"default":{"color":"#e5e7ea"}},"overlayColor":{"default":{"color":"CT_CSS_SKIP_RULE"}},"backgroundColor":{"default":{"color":"var(--theme-palette-color-8)"}}},"content_boxed_shadow":{"inherit":false,"blur":18,"spread":-6,"v_offset":12,"h_offset":0,"inset":false,"enable":true,"color":{"color":"rgba(34, 56, 101, 0.04)"}},"content_boxed_border":{"width":1,"style":"none","color":{"color":"rgba(44,62,80,0.2)"}},"content_boxed_radius":{"top":"3px","bottom":"3px","left":"3px","right":"3px","linked":true},"boxed_content_spacing":{"desktop":{"top":"40px","bottom":"40px","left":"40px","right":"40px","linked":true},"tablet":{"top":"35px","bottom":"35px","left":"35px","right":"35px","linked":true},"mobile":{"top":"20px","bottom":"20px","left":"20px","right":"20px","linked":true}},"b6a9da5a132a1b76f66ef374aa22372c":"","disable_featured_image":"no","disable_share_box":"no","disable_header":"no","disable_footer":"no"},"jetpack_sharing_enabled":true,"_links":{"self":[{"href":"https:\/\/www.erekafleuriste.com\/en\/wp-json\/wp\/v2\/pages\/4092","targetHints":{"allow":["GET"]}}],"collection":[{"href":"https:\/\/www.erekafleuriste.com\/en\/wp-json\/wp\/v2\/pages"}],"about":[{"href":"https:\/\/www.erekafleuriste.com\/en\/wp-json\/wp\/v2\/types\/page"}],"author":[{"embeddable":true,"href":"https:\/\/www.erekafleuriste.com\/en\/wp-json\/wp\/v2\/users\/1"}],"replies":[{"embeddable":true,"href":"https:\/\/www.erekafleuriste.com\/en\/wp-json\/wp\/v2\/comments?post=4092"}],"version-history":[{"count":179,"href":"https:\/\/www.erekafleuriste.com\/en\/wp-json\/wp\/v2\/pages\/4092\/revisions"}],"predecessor-version":[{"id":4305,"href":"https:\/\/www.erekafleuriste.com\/en\/wp-json\/wp\/v2\/pages\/4092\/revisions\/4305"}],"wp:featuredmedia":[{"embeddable":true,"href":"https:\/\/www.erekafleuriste.com\/en\/wp-json\/wp\/v2\/media\/3360"}],"wp:attachment":[{"href":"https:\/\/www.erekafleuriste.com\/en\/wp-json\/wp\/v2\/media?parent=4092"}],"curies":[{"name":"wp","href":"https:\/\/api.w.org\/{rel}","templated":true}]}}